{"id":4270,"date":"2021-01-24T14:37:43","date_gmt":"2021-01-24T12:37:43","guid":{"rendered":"https:\/\/ar-automobile.lv\/?page_id=4270"},"modified":"2025-05-31T15:18:07","modified_gmt":"2025-05-31T12:18:07","slug":"order-car","status":"publish","type":"page","link":"https:\/\/ar-automobile.lv\/lv\/order-car\/","title":{"rendered":"Pas\u016bt\u012bt auto"},"content":{"rendered":"<div class=\"vc_row wpb_row vc_row-fluid\"><div class=\"wpb_column vc_column_container vc_col-sm-12\"><div class=\"vc_column-inner\"><div class=\"wpb_wrapper\"><div class=\"vc_separator wpb_content_element vc_separator_align_center vc_sep_width_100 vc_sep_pos_align_center vc_sep_color_grey vc_separator-has-text\" ><span class=\"vc_sep_holder vc_sep_holder_l\"><span  class=\"vc_sep_line\"><\/span><\/span><h4>Aizpildiet l\u016bdzu formu, m\u0113s ar jums sazin\u0101simies ar visizdev\u012bg\u0101ko cenas pied\u0101v\u0101jumu! M\u0113s pied\u0101v\u0101jam Jums jebkuras automa\u0161\u012bnas pieg\u0101di s\u0101kot no 2001.gada l\u012bdz 2023.gada izlaiduma, p\u0113c individu\u0101la pas\u016bt\u012bjuma, saska\u0146\u0101 ar J\u016bsu v\u0113lm\u0113m par virsb\u016bves kr\u0101su, dzin\u0113ja tilpumu un tipu, k\u0101 ar\u012b detaliz\u0113tu papildus apr\u012bkojuma komplekt\u0101ciju.<\/h4><span class=\"vc_sep_holder vc_sep_holder_r\"><span  class=\"vc_sep_line\"><\/span><\/span>\n<\/div>\n<div class=\"stm-vc-spacer\"><\/div>\n<\/div><\/div><\/div><div class=\"wpb_column vc_column_container vc_col-sm-12\"><div class=\"vc_column-inner\"><div class=\"wpb_wrapper\">\n<div class=\"stm_listing_car_form\">\n\t<div class=\"stm-single-car-contact\">\n\n\t\t\t\t\t<div class=\"title\">\n\t\t\t\t<i class=\"fa fa-paper-plane\"><\/i>\n\t\t\t\tPas\u016bt\u012bt automa\u0161\u012bnu\t\t\t<\/div>\n\t\t\n\t\t\t\t\t\t\t\t<div role=\"form\" class=\"wpcf7\" id=\"wpcf7-f1665-o1\" lang=\"en-US\" dir=\"ltr\">\n<div class=\"screen-reader-response\"><p role=\"status\" aria-live=\"polite\" aria-atomic=\"true\"><\/p> <ul><\/ul><\/div>\n<form action=\"\/lv\/wp-json\/wp\/v2\/pages\/4270#wpcf7-f1665-o1\" method=\"post\" class=\"wpcf7-form init\" novalidate=\"novalidate\" data-status=\"init\" data-trp-original-action=\"\/lv\/wp-json\/wp\/v2\/pages\/4270#wpcf7-f1665-o1\">\n<div style=\"display: none;\">\n<input type=\"hidden\" name=\"_wpcf7\" value=\"1665\" \/>\n<input type=\"hidden\" name=\"_wpcf7_version\" value=\"5.6.4\" \/>\n<input type=\"hidden\" name=\"_wpcf7_locale\" value=\"en_US\" \/>\n<input type=\"hidden\" name=\"_wpcf7_unit_tag\" value=\"wpcf7-f1665-o1\" \/>\n<input type=\"hidden\" name=\"_wpcf7_container_post\" value=\"0\" \/>\n<input type=\"hidden\" name=\"_wpcf7_posted_data_hash\" value=\"\" \/>\n<\/div>\n<div class=\"stm-form-with-icon\">\n   <span class=\"wpcf7-form-control-wrap\" data-name=\"message\"><textarea name=\"message\" cols=\"40\" rows=\"10\" class=\"wpcf7-form-control wpcf7-textarea\" aria-invalid=\"false\" placeholder=\"Ievadiet zi\u0146u \u0161eit...\"><\/textarea><\/span>\n<\/div>\n<div class=\"stm-form-with-icon\">\n   <i class=\"stm-service-icon-user-2\"><\/i><span class=\"wpcf7-form-control-wrap\" data-name=\"your-name\"><input type=\"text\" name=\"your-name\" value=\"\" size=\"40\" class=\"wpcf7-form-control wpcf7-text wpcf7-validates-as-required\" aria-required=\"true\" aria-invalid=\"false\" placeholder=\"V\u0101rds un Uzv\u0101rds\" \/><\/span>\n<\/div>\n<div class=\"stm-form-with-icon\">\n   <i class=\"stm-service-icon-mail-o\"><\/i><span class=\"wpcf7-form-control-wrap\" data-name=\"your-email\"><input type=\"email\" name=\"your-email\" value=\"\" size=\"40\" class=\"wpcf7-form-control wpcf7-text wpcf7-email wpcf7-validates-as-required wpcf7-validates-as-email\" aria-required=\"true\" aria-invalid=\"false\" placeholder=\"J\u016bsu E-pasts\" \/><\/span>\n<\/div>\n<div class=\"stm-form-with-icon\">\n   <i class=\"stm-service-icon-phone\"><\/i><span class=\"wpcf7-form-control-wrap\" data-name=\"your-tel\"><input type=\"tel\" name=\"your-tel\" value=\"\" size=\"40\" class=\"wpcf7-form-control wpcf7-text wpcf7-tel wpcf7-validates-as-tel\" aria-invalid=\"false\" placeholder=\"J\u016bsu t\u0101lru\u0146a numurs\" \/><\/span>\n<\/div>\n<p><input type=\"submit\" value=\"S\u016bt\u012bt zi\u0146u\" class=\"wpcf7-form-control has-spinner wpcf7-submit\" \/><\/p>\n<div class=\"wpcf7-response-output\" aria-hidden=\"true\"><\/div><input type=\"hidden\" name=\"trp-form-language\" value=\"lv\"\/><\/form><\/div>\t\t\n\n\t<\/div>\n<\/div>\n\n<\/div><\/div><\/div><\/div><div class=\"vc_row wpb_row vc_row-fluid\"><div class=\"wpb_column vc_column_container vc_col-sm-12\"><div class=\"vc_column-inner\"><div class=\"wpb_wrapper\"><\/div><\/div><\/div><\/div>","protected":false},"excerpt":{"rendered":"Aizpildiet l\u016bdzu formu, m\u0113s ar jums sazin\u0101simies ar visizdev\u012bg\u0101ko cenas pied\u0101v\u0101jumu! M\u0113s pied\u0101v\u0101jam Jums jebkuras automa\u0161\u012bnas pieg\u0101di s\u0101kot no 2001.gada l\u012bdz 2023.gada izlaiduma, p\u0113c individu\u0101la pas\u016bt\u012bjuma, saska\u0146\u0101 ar J\u016bsu v\u0113lm\u0113m par virsb\u016bves kr\u0101su, dzin\u0113ja tilpumu un tipu, k\u0101 ar\u012b detaliz\u0113tu papildus apr\u012bkojuma komplekt\u0101ciju. Car request","protected":false},"author":1,"featured_media":0,"parent":0,"menu_order":0,"comment_status":"closed","ping_status":"closed","template":"","meta":{"footnotes":""},"class_list":["post-4270","page","type-page","status-publish","hentry"],"_links":{"self":[{"href":"https:\/\/ar-automobile.lv\/lv\/wp-json\/wp\/v2\/pages\/4270","targetHints":{"allow":["GET"]}}],"collection":[{"href":"https:\/\/ar-automobile.lv\/lv\/wp-json\/wp\/v2\/pages"}],"about":[{"href":"https:\/\/ar-automobile.lv\/lv\/wp-json\/wp\/v2\/types\/page"}],"author":[{"embeddable":true,"href":"https:\/\/ar-automobile.lv\/lv\/wp-json\/wp\/v2\/users\/1"}],"replies":[{"embeddable":true,"href":"https:\/\/ar-automobile.lv\/lv\/wp-json\/wp\/v2\/comments?post=4270"}],"version-history":[{"count":9,"href":"https:\/\/ar-automobile.lv\/lv\/wp-json\/wp\/v2\/pages\/4270\/revisions"}],"predecessor-version":[{"id":30749,"href":"https:\/\/ar-automobile.lv\/lv\/wp-json\/wp\/v2\/pages\/4270\/revisions\/30749"}],"wp:attachment":[{"href":"https:\/\/ar-automobile.lv\/lv\/wp-json\/wp\/v2\/media?parent=4270"}],"curies":[{"name":"wp","href":"https:\/\/api.w.org\/{rel}","templated":true}]}}